{"id":1422,"date":"2018-07-11T08:41:30","date_gmt":"2018-07-11T06:41:30","guid":{"rendered":"http:\/\/www.siedlerverein-haidershofen.at\/wp-page\/?page_id=1422"},"modified":"2024-11-05T17:28:53","modified_gmt":"2024-11-05T16:28:53","slug":"statuten-2","status":"publish","type":"page","link":"https:\/\/www.siedlerverein-haidershofen.at\/wp-page\/ueber-uns-2\/statuten-2\/","title":{"rendered":"Statuten"},"content":{"rendered":"\n<p>Die Statuten des Siedlervereins Haidershofen regeln die Ziele, Aufgaben und die Organisation unseres Vereins. Sie dienen als Grundlage f\u00fcr das Vereinsleben und f\u00f6rdern das Miteinander unserer Mitglieder. In den Statuten finden Sie Informationen zu Mitgliedschaft, Rechten und Pflichten, zur Struktur und zu den Abl\u00e4ufen im Verein. Ziel ist es, ein harmonisches und engagiertes Vereinsumfeld zu schaffen, das die Gemeinschaft st\u00e4rkt und das Wohl der Mitglieder f\u00f6rdert.<\/p>\n\n\n\n<div data-wp-interactive=\"core\/file\" class=\"wp-block-file\"><object data-wp-bind--hidden=\"!state.hasPdfPreview\" hidden class=\"wp-block-file__embed\" data=\"https:\/\/www.siedlerverein-haidershofen.at\/wp-page\/wp-content\/uploads\/statuten_Siedlerverein_Haidershofen.pdf\" type=\"application\/pdf\" style=\"width:100%;height:600px\" aria-label=\"Einbettung von statuten_Siedlerverein_Haidershofen.\"><\/object><a id=\"wp-block-file--media-a967b12d-2b9f-45ca-a8cf-f51a4735d57b\" href=\"https:\/\/www.siedlerverein-haidershofen.at\/wp-page\/wp-content\/uploads\/statuten_Siedlerverein_Haidershofen.pdf\">statuten_Siedlerverein_Haidershofen<\/a><a href=\"https:\/\/www.siedlerverein-haidershofen.at\/wp-page\/wp-content\/uploads\/statuten_Siedlerverein_Haidershofen.pdf\" class=\"wp-block-file__button wp-element-button\" download aria-describedby=\"wp-block-file--media-a967b12d-2b9f-45ca-a8cf-f51a4735d57b\">Herunterladen<\/a><\/div>\n\n\n\n<p><\/p>\n","protected":false},"excerpt":{"rendered":"<p>Die Statuten des Siedlervereins Haidershofen regeln die Ziele, Aufgaben und die Organisation unseres Vereins. Sie dienen als Grundlage f\u00fcr das Vereinsleben und f\u00f6rdern das Miteinander unserer Mitglieder. In den Statuten finden Sie Informationen zu Mitgliedschaft, Rechten und Pflichten, zur Struktur &hellip; <a href=\"https:\/\/www.siedlerverein-haidershofen.at\/wp-page\/ueber-uns-2\/statuten-2\/\">Weiterlesen <span class=\"meta-nav\">&rarr;<\/span><\/a><\/p>\n","protected":false},"author":7,"featured_media":0,"parent":3068,"menu_order":0,"comment_status":"closed","ping_status":"closed","template":"sidebar-page.php","meta":{"footnotes":""},"class_list":["post-1422","page","type-page","status-publish","hentry"],"_links":{"self":[{"href":"https:\/\/www.siedlerverein-haidershofen.at\/wp-page\/wp-json\/wp\/v2\/pages\/1422","targetHints":{"allow":["GET"]}}],"collection":[{"href":"https:\/\/www.siedlerverein-haidershofen.at\/wp-page\/wp-json\/wp\/v2\/pages"}],"about":[{"href":"https:\/\/www.siedlerverein-haidershofen.at\/wp-page\/wp-json\/wp\/v2\/types\/page"}],"author":[{"embeddable":true,"href":"https:\/\/www.siedlerverein-haidershofen.at\/wp-page\/wp-json\/wp\/v2\/users\/7"}],"replies":[{"embeddable":true,"href":"https:\/\/www.siedlerverein-haidershofen.at\/wp-page\/wp-json\/wp\/v2\/comments?post=1422"}],"version-history":[{"count":4,"href":"https:\/\/www.siedlerverein-haidershofen.at\/wp-page\/wp-json\/wp\/v2\/pages\/1422\/revisions"}],"predecessor-version":[{"id":3118,"href":"https:\/\/www.siedlerverein-haidershofen.at\/wp-page\/wp-json\/wp\/v2\/pages\/1422\/revisions\/3118"}],"up":[{"embeddable":true,"href":"https:\/\/www.siedlerverein-haidershofen.at\/wp-page\/wp-json\/wp\/v2\/pages\/3068"}],"wp:attachment":[{"href":"https:\/\/www.siedlerverein-haidershofen.at\/wp-page\/wp-json\/wp\/v2\/media?parent=1422"}],"curies":[{"name":"wp","href":"https:\/\/api.w.org\/{rel}","templated":true}]}}