{"id":3054,"date":"2024-11-05T12:58:44","date_gmt":"2024-11-05T11:58:44","guid":{"rendered":"https:\/\/www.siedlerverein-haidershofen.at\/wp-page\/?page_id=3054"},"modified":"2025-10-27T15:42:47","modified_gmt":"2025-10-27T14:42:47","slug":"willkommen-beim-siedlerverein-haidershofen","status":"publish","type":"page","link":"https:\/\/www.siedlerverein-haidershofen.at\/wp-page\/","title":{"rendered":"Willkommen beim Siedlerverein Haidershofen!"},"content":{"rendered":"\n<p>Liebe Besucherin!<br>Lieber Besucher!<\/p>\n\n\n\n<p>Wir informieren hier \u00fcber die vielen Vorteile als Mitglied und \u00fcber Aktivit\u00e4ten unseres Siedlervereins.<\/p>\n\n\n\n<p>Solltest Du interessante Beitr\u00e4ge, Anregungen oder Verbesserungsvorschl\u00e4ge haben, freuen wir uns sehr. Bitte Deine W\u00fcnsche an folgende Mailadresse zu senden: office@siedlerverein-haidershofen.at<br><\/p>\n\n\n\n<p class=\"has-text-align-right has-medium-font-size\"><strong>Dein Siedlerverein Haidershofen<\/strong><\/p>\n\n\n\n<hr class=\"wp-block-separator has-text-color has-medium-gray-color has-alpha-channel-opacity has-medium-gray-background-color has-background is-style-wide\"\/>\n\n\n\n<div style=\"height:15px\" aria-hidden=\"true\" class=\"wp-block-spacer\"><\/div>\n\n\n\n<h2 class=\"wp-block-heading has-large-font-size\">NEWS<\/h2>\n\n\n<ul class=\"wp-block-latest-posts__list is-grid columns-3 has-dates wp-block-latest-posts\"><li><a class=\"wp-block-latest-posts__post-title\" href=\"https:\/\/www.siedlerverein-haidershofen.at\/wp-page\/einladung-2\/\">Einladung<\/a><time datetime=\"2026-05-12T10:37:56+02:00\" class=\"wp-block-latest-posts__post-date\">12. Mai 2026<\/time><div class=\"wp-block-latest-posts__post-excerpt\">zum Siedlerausflug<\/div><\/li>\n<li><a class=\"wp-block-latest-posts__post-title\" href=\"https:\/\/www.siedlerverein-haidershofen.at\/wp-page\/einladung\/\">Einladung<\/a><time datetime=\"2026-05-12T10:36:37+02:00\" class=\"wp-block-latest-posts__post-date\">12. Mai 2026<\/time><div class=\"wp-block-latest-posts__post-excerpt\">zum Tag der offenen T\u00fcr<\/div><\/li>\n<li><div class=\"wp-block-latest-posts__featured-image aligncenter\"><img loading=\"lazy\" decoding=\"async\" width=\"300\" height=\"220\" src=\"https:\/\/www.siedlerverein-haidershofen.at\/wp-page\/wp-content\/uploads\/Gartenarbeiten_im_Mai_Beitragsbild-300x220.jpg\" class=\"attachment-medium size-medium wp-post-image\" alt=\"\" style=\"max-width:150px;max-height:150px;\" srcset=\"https:\/\/www.siedlerverein-haidershofen.at\/wp-page\/wp-content\/uploads\/Gartenarbeiten_im_Mai_Beitragsbild-300x220.jpg 300w, https:\/\/www.siedlerverein-haidershofen.at\/wp-page\/wp-content\/uploads\/Gartenarbeiten_im_Mai_Beitragsbild-409x300.jpg 409w, https:\/\/www.siedlerverein-haidershofen.at\/wp-page\/wp-content\/uploads\/Gartenarbeiten_im_Mai_Beitragsbild.jpg 555w\" sizes=\"auto, (max-width: 300px) 100vw, 300px\" \/><\/div><a class=\"wp-block-latest-posts__post-title\" href=\"https:\/\/www.siedlerverein-haidershofen.at\/wp-page\/gartenarbeiten-im-mai\/\">Gartenarbeiten im Mai<\/a><time datetime=\"2026-05-01T00:05:00+02:00\" class=\"wp-block-latest-posts__post-date\">1. Mai 2026<\/time><div class=\"wp-block-latest-posts__post-excerpt\">Anbautipps f\u00fcr den Gem\u00fcse- und Ziergarten sowie f\u00fcr Balkon- und Zimmerpflanzen. Wichtige Arbeiten im Obstgarten.<\/div><\/li>\n<\/ul>","protected":false},"excerpt":{"rendered":"<p>Liebe Besucherin!Lieber Besucher! Wir informieren hier \u00fcber die vielen Vorteile als Mitglied und \u00fcber Aktivit\u00e4ten unseres Siedlervereins. Solltest Du interessante Beitr\u00e4ge, Anregungen oder Verbesserungsvorschl\u00e4ge haben, freuen wir uns sehr. Bitte Deine W\u00fcnsche an folgende Mailadresse zu senden: office@siedlerverein-haidershofen.at Dein Siedlerverein &hellip; <a href=\"https:\/\/www.siedlerverein-haidershofen.at\/wp-page\/\">Weiterlesen <span class=\"meta-nav\">&rarr;<\/span><\/a><\/p>\n","protected":false},"author":1,"featured_media":0,"parent":0,"menu_order":0,"comment_status":"closed","ping_status":"closed","template":"sidebar-page.php","meta":{"footnotes":""},"class_list":["post-3054","page","type-page","status-publish","hentry"],"_links":{"self":[{"href":"https:\/\/www.siedlerverein-haidershofen.at\/wp-page\/wp-json\/wp\/v2\/pages\/3054","targetHints":{"allow":["GET"]}}],"collection":[{"href":"https:\/\/www.siedlerverein-haidershofen.at\/wp-page\/wp-json\/wp\/v2\/pages"}],"about":[{"href":"https:\/\/www.siedlerverein-haidershofen.at\/wp-page\/wp-json\/wp\/v2\/types\/page"}],"author":[{"embeddable":true,"href":"https:\/\/www.siedlerverein-haidershofen.at\/wp-page\/wp-json\/wp\/v2\/users\/1"}],"replies":[{"embeddable":true,"href":"https:\/\/www.siedlerverein-haidershofen.at\/wp-page\/wp-json\/wp\/v2\/comments?post=3054"}],"version-history":[{"count":16,"href":"https:\/\/www.siedlerverein-haidershofen.at\/wp-page\/wp-json\/wp\/v2\/pages\/3054\/revisions"}],"predecessor-version":[{"id":3511,"href":"https:\/\/www.siedlerverein-haidershofen.at\/wp-page\/wp-json\/wp\/v2\/pages\/3054\/revisions\/3511"}],"wp:attachment":[{"href":"https:\/\/www.siedlerverein-haidershofen.at\/wp-page\/wp-json\/wp\/v2\/media?parent=3054"}],"curies":[{"name":"wp","href":"https:\/\/api.w.org\/{rel}","templated":true}]}}