{"id":518,"date":"2016-12-28T15:39:43","date_gmt":"2016-12-28T14:39:43","guid":{"rendered":"http:\/\/www.siedlerverein-haidershofen.at\/wp-page\/?page_id=518"},"modified":"2024-11-19T13:53:52","modified_gmt":"2024-11-19T12:53:52","slug":"versicherungen","status":"publish","type":"page","link":"https:\/\/www.siedlerverein-haidershofen.at\/wp-page\/vorteile-als-mitglied\/versicherungen\/","title":{"rendered":"Versicherungen"},"content":{"rendered":"\n<p><\/p>\n\n\n\n<h2 class=\"wp-block-heading has-medium-font-size\">Grund- und Eigenheim Haftpflichtversicherung<\/h2>\n\n\n\n<p><strong>Die Jahrespr\u00e4mie von \u20ac 1,45 ist&nbsp; im Mitgliedsbeitrag enthalten.<\/strong><br>Jedes unserer Mitglieder, das den Mitgliedsbeitrag bezahlt hat, genie\u00dft den vollen&nbsp; Versicherungsschutz f\u00fcr die Haftung aus seinem Haus- und Grundbesitz bis zu einer Pauschalversicherungssumme von \u20ac 600.000,00 pro Schadensfall (AHVB Nr. 879). Dar\u00fcber hinaus gilt die Versicherung auch gegen\u00fcber Angeh\u00f6rigen, sofern diese nicht im gemeinsamen Haushalt mit dem Verursacher des Schadens leben. Ausgenommen davon bleiben in diesem Falle weiterhin etwaige Schmerzensgeld-Forderungen.<\/p>\n\n\n\n<p>Eine gleichartige Einzelversicherung ohne \u00d6SV Mitgliedschaft w\u00fcrde Sie mindestens \u20ac 60,00 kosten!<\/p>\n\n\n\n<p>Infos beim Obmann<\/p>\n\n\n\n<p><\/p>\n\n\n\n<hr class=\"wp-block-separator has-alpha-channel-opacity is-style-wide\"\/>\n\n\n\n<h2 class=\"wp-block-heading has-medium-font-size\">Rechtschutzversicherung<\/h2>\n\n\n\n<p><strong>Die Jahrespr\u00e4mie von \u20ac 1,45 ist&nbsp; im Mitgliedsbeitrag enthalten.<\/strong><br>Leider kommt es immer wieder vor, dass Au\u00dfenstehende (Fremde) einem Mitglied Schaden an Ihrem Besitz (Eigenheim-Wohnung) zuf\u00fcgen, aber dann zum Schadensersatz nicht bereit sind.<\/p>\n\n\n\n<p>Die Schadensersatz \u2013 Rechtsschutzversicherung bietet Schutz f\u00fcr die Geltendmachung von<\/p>\n\n\n\n<p>Schadensersatzanspr\u00fcchen, die aus der Besch\u00e4digung des versicherten Objektes entstehen. Pro Schadensfall stehen bis zu \u20ac 30.000,00 f\u00fcr die gerichtlichen und au\u00dfergerichtlichen Kosten \u2013 ohne Selbstbehalt \u2013 zur Verf\u00fcgung.<\/p>\n\n\n\n<p>F\u00fcr Auseinandersetzungen im Zusammenhang mit Auftragsarbeiten am Eigenheim eines Mitgliedes wird eingeschr\u00e4nkt \u2013 wie nachfolgend angef\u00fchrt \u2013 ebenfalls aus dieser RS-Versicherung Versicherungsschutz gegeben. Das Mitglied hat Schutz f\u00fcr Vertragsstreitigkeiten im Zusammenhang mit Wohnung oder Eigenheim bis zu einem Betrag von \u20ac 150,- pro Jahr und Mitglied, wobei sich das Mitglied an diesen Kosten mit 20% beteiligen muss. Eine gleichartige Einzelversicherung ohne \u00d6SV Mitgliedschaft w\u00fcrde Sie mindestens \u20ac 54,50 kosten.<\/p>\n\n\n\n<p><strong>Rechtsberatung:<\/strong> Kostenlose Information und Beratung bei unseren Mitgliederanw\u00e4lten. Im Bedarfsfall erhalten Sie eine einmalige&nbsp; kostenlose Rechtsauskunft in Haus- und Grundst\u00fccksfragen, Nachbarschaftsrecht.<\/p>\n\n\n\n<p>Rechtsanwalt Dr. Peter Pfeil Otakarstr. 3, 4451 Garsten,&nbsp; Rechtsberater des Siedlerverbandes ist&nbsp; spezialisiert auf Liegenschafts-Wohn-und Nachbarrecht und bietet f\u00fcr Mitglieder gegen Voranmeldung per Tel. oder E-Mail eine kostenlose Erstberatung in den R\u00e4umen der Kanzlei in Garsten an.<\/p>\n\n\n\n<p>Telefon: 07252-9087072<br>Mail: office[at]kanzlei-pfeil.at<br><\/p>\n\n\n\n<ol class=\"wp-block-list\">\n<li><\/li>\n<\/ol>\n\n\n\n<hr class=\"wp-block-separator has-alpha-channel-opacity is-style-wide\"\/>\n\n\n\n<h2 class=\"wp-block-heading has-medium-font-size\">Unfallversicherung<\/h2>\n\n\n\n<p><strong>Beitrag selbst einzahlen!<\/strong><br>Der \u00d6sterreichische Siedlerverband hat f\u00fcr seine Mitglieder und deren Angeh\u00f6rige eine sehr attraktive und g\u00fcnstige Unfallversicherung NEU verhandelt. <strong>Mit EUR 12,-<\/strong> Jahresgrundpr\u00e4mie wird der Versicherungsschutz unabh\u00e4ngig von Alter und Beruf\u00a0 gew\u00e4hrt. Die W\u00fcnsche unserer Mitglieder wurden dabei ber\u00fccksichtigt und der \u00d6SV-Mitgliederunfall-Versicherungsschutz verbessert.<\/p>\n\n\n\n<p>Diese Versicherung bezieht sich auf Unf\u00e4lle, die den versicherten Personen anl\u00e4sslich ihrer beruflichen T\u00e4tigkeit, sowie in der Freizeit \u2013 also rund um die Uhr \u2013 zusto\u00dfen k\u00f6nnen.<\/p>\n\n\n\n<p>Geltungsdauer: Maximal 1 Kalenderjahr<\/p>\n\n\n\n<p>Die Einzahlungsquittung gilt als Versicherungsbest\u00e4tigung und ist im Schadensfall vorzulegen. Besser ist, Sie geben Ihrer Bank einen Dauerauftrag. Die Versicherung gilt 24 Stunden, von 1.1. bis 31.12. des jeweiligen Jahres. Der Versicherungsschutz beginnt jedoch fr\u00fchestens mit dem auf die Einzahlung folgenden Tag, null Uhr. F\u00fcr Einzahlungen, die nach dem 1.11. eines jeden Jahres erfolgen, gilt der Versicherungsschutz erst f\u00fcr das darauffolgende Kalenderjahr.<\/p>\n\n\n\n<p>Unsere f\u00fcr Sie angebotene Unfallversicherung betr\u00e4gt nur ca. 10% der Normalpr\u00e4mie einer Einzelunfallversicherung.<\/p>\n\n\n\n<p>Sie ersparen sich daher viel Geld oder Sie versichern um das dasselbe Geld eine h\u00f6here Versicherungssumme.<\/p>\n\n\n\n<p>Die damit versicherten Unfallversicherungssummen sind :<br>\u20ac 3.000,- f\u00fcr den Fall des Todes der versicherten Person.<br>\u20ac 11.000,- f\u00fcr bleibende Invalidit\u00e4t der versicherten Person.<br>\u20ac 300,- Unfallkosten (Hubschrauberbergung, Transportkosten, Kosten einer Therapie usw.)<br>\u20ac 50,- Spitalpauschale pro Spitalaufenthalt von mindestens 14 Tagen nach Unfall<\/p>\n\n\n\n<p>Werden h\u00f6here Versicherungssummen gew\u00fcnscht, kann die Pr\u00e4mie bis zum 10-fachen pro Person erh\u00f6ht werden.<\/p>\n\n\n\n<p>Auskunft erhalten sie beim Obmann<\/p>\n\n\n\n<hr class=\"wp-block-separator has-alpha-channel-opacity is-style-wide\"\/>\n\n\n\n<p><\/p>\n\n\n\n<h2 class=\"wp-block-heading has-medium-font-size\">Teilkaskoversicherung &amp; Haftpflichtversicherung f\u00fcr Ihr E-Bike<\/h2>\n\n\n\n<p><iframe loading=\"lazy\" class=\"pdfjs-viewer\" src=\"https:\/\/www.siedlerverein-haidershofen.at\/wp-page\/wp-content\/plugins\/pdf-viewer\/stable\/web\/viewer.html?file=https:\/\/www.siedlerverein-haidershofen.at\/wp-page\/wp-content\/uploads\/PDF\/e-bike_versicherungen.pdf\" width=\"932px\" height=\"1040px\"><\/iframe><\/p>\n","protected":false},"excerpt":{"rendered":"<p>Grund- und Eigenheim Haftpflichtversicherung Die Jahrespr\u00e4mie von \u20ac 1,45 ist&nbsp; im Mitgliedsbeitrag enthalten.Jedes unserer Mitglieder, das den Mitgliedsbeitrag bezahlt hat, genie\u00dft den vollen&nbsp; Versicherungsschutz f\u00fcr die Haftung aus seinem Haus- und Grundbesitz bis zu einer Pauschalversicherungssumme von \u20ac 600.000,00 pro &hellip; <a href=\"https:\/\/www.siedlerverein-haidershofen.at\/wp-page\/vorteile-als-mitglied\/versicherungen\/\">Weiterlesen <span class=\"meta-nav\">&rarr;<\/span><\/a><\/p>\n","protected":false},"author":1,"featured_media":0,"parent":516,"menu_order":0,"comment_status":"closed","ping_status":"closed","template":"sidebar-page.php","meta":{"footnotes":""},"class_list":["post-518","page","type-page","status-publish","hentry"],"_links":{"self":[{"href":"https:\/\/www.siedlerverein-haidershofen.at\/wp-page\/wp-json\/wp\/v2\/pages\/518","targetHints":{"allow":["GET"]}}],"collection":[{"href":"https:\/\/www.siedlerverein-haidershofen.at\/wp-page\/wp-json\/wp\/v2\/pages"}],"about":[{"href":"https:\/\/www.siedlerverein-haidershofen.at\/wp-page\/wp-json\/wp\/v2\/types\/page"}],"author":[{"embeddable":true,"href":"https:\/\/www.siedlerverein-haidershofen.at\/wp-page\/wp-json\/wp\/v2\/users\/1"}],"replies":[{"embeddable":true,"href":"https:\/\/www.siedlerverein-haidershofen.at\/wp-page\/wp-json\/wp\/v2\/comments?post=518"}],"version-history":[{"count":13,"href":"https:\/\/www.siedlerverein-haidershofen.at\/wp-page\/wp-json\/wp\/v2\/pages\/518\/revisions"}],"predecessor-version":[{"id":3168,"href":"https:\/\/www.siedlerverein-haidershofen.at\/wp-page\/wp-json\/wp\/v2\/pages\/518\/revisions\/3168"}],"up":[{"embeddable":true,"href":"https:\/\/www.siedlerverein-haidershofen.at\/wp-page\/wp-json\/wp\/v2\/pages\/516"}],"wp:attachment":[{"href":"https:\/\/www.siedlerverein-haidershofen.at\/wp-page\/wp-json\/wp\/v2\/media?parent=518"}],"curies":[{"name":"wp","href":"https:\/\/api.w.org\/{rel}","templated":true}]}}